{"id":68,"date":"2023-01-16T02:46:56","date_gmt":"2023-01-16T00:46:56","guid":{"rendered":"https:\/\/huima.t2.elysium.fi\/?page_id=68"},"modified":"2025-10-26T23:08:17","modified_gmt":"2025-10-26T21:08:17","slug":"yhteystiedot","status":"publish","type":"page","link":"https:\/\/huimabasketball.fi\/juniorit\/yhteystiedot\/","title":{"rendered":"Yhteystiedot"},"content":{"rendered":"\r\n<div id=\"henkilosto-block_9d7e9d7dcbb17014d579163a37795d68\" class=\"henkilosto-class  bg-blue text-white mb-2\"><div class=\"container mx-auto px-4 sm:px-6\">\r\n\t\t<div class=\"grid grid-cols-1 md:grid-cols-2 lg:grid-cols-3 gap-6 pt-12\"><div>\r\n\t\t\t\t\t<h2 class=\"!text-[18px] font-bold mb-6\">TOIMISTO<\/h2><div class=\"flex items-start pb-4 min-h-[90px] lg:min-h-[131px]\">\r\n\t\t\t\t\t\t\t<img decoding=\"async\" class=\"max-w-[70px] mr-6\" src=\"https:\/\/huimabasketball.fi\/juniorit\/wp-content\/themes\/huimabasket2023\/img\/kelloikoni.png\" \r\n\t\t\t\t\t\t\talt=\"Aukioloaikojen kuvake\">\r\n\t\t\t\t\t\t\t<div>\r\n\t\t\t\t\t\t\t\t<h3 class=\"!text-[18px] font-bold\">AUKIOLOAJAT<\/h3>\r\n\t\t\t\t\t\t\t\tMa ja ti 10-17, Ke 10-16, To 10-15\t\t\t\t\t\t\t<\/div>\r\n\t\t\t\t\t\t<\/div><div class=\"flex items-start pb-4 min-h-[90px] lg:min-h-[131px]\">\r\n\t\t\t\t\t\t\t<img decoding=\"async\" class=\"max-w-[70px] mr-6\" src=\"https:\/\/huimabasketball.fi\/juniorit\/wp-content\/themes\/huimabasket2023\/img\/puhelinikoni.png\" \r\n\t\t\t\t\t\t\talt=\"Puhelinnumeron kuvake\">\r\n\t\t\t\t\t\t\t<div>\r\n\t\t\t\t\t\t\t\t<h3 class=\"w-full !text-[18px] font-bold\">PUHELIN<\/h3>\r\n\t\t\t\t\t\t\t\t040 182 9999\t\t\t\t\t\t\t<\/div>\r\n\t\t\t\t\t\t<\/div><div class=\"flex items-start pb-4 min-h-[90px] lg:min-h-[131px]\">\r\n\t\t\t\t\t\t\t<img decoding=\"async\" class=\"max-w-[70px] mr-6\" src=\"https:\/\/huimabasketball.fi\/juniorit\/wp-content\/themes\/huimabasket2023\/img\/karttaikoni.png\" \r\n\t\t\t\t\t\t\talt=\"Osoitteen kuvake\">\r\n\t\t\t\t\t\t\t<div>\r\n\t\t\t\t\t\t\t\t<h3 class=\"!text-[18px] font-bold\">OSOITE<\/h3>Kauppakatu 22, <br \/>\t\t\t\t\t\t\t\t44100 \u00c4\u00e4nekoski\t\t\t\t\t\t\t<\/div>\r\n\t\t\t\t\t\t<\/div><div class=\"flex items-start pb-4 min-h-[90px] lg:min-h-[131px]\">\r\n\t\t\t\t\t\t\t<img decoding=\"async\" class=\"max-w-[70px] mr-6\" src=\"https:\/\/huimabasketball.fi\/juniorit\/wp-content\/themes\/huimabasket2023\/img\/ytunnus_vaalea.png\" \r\n\t\t\t\t\t\t\talt=\"Y-tunnuksen kuvake\">\r\n\t\t\t\t\t\t\t<div>\r\n\t\t\t\t\t\t\t\t<h3 class=\"!text-[18px] font-bold\">Y-tunnus<\/h3>\r\n\t\t\t\t\t\t\t\t0219728-1\t\t\t\t\t\t\t<\/div>\r\n\t\t\t\t\t\t<\/div><div class=\"flex items-start pb-4 min-h-[90px] lg:min-h-[131px]\">\r\n\t\t\t\t\t\t\t<img decoding=\"async\" class=\"max-w-[70px] mr-6\" src=\"https:\/\/huimabasketball.fi\/juniorit\/wp-content\/themes\/huimabasket2023\/img\/sahkoposti_vaalea.png\" \r\n\t\t\t\t\t\t\talt=\"S\u00e4hk\u00f6postin kuvake\">\r\n\t\t\t\t\t\t\t<div>\r\n\t\t\t\t\t\t\t\t<h3 class=\"!text-[18px] font-bold\">S\u00e4hk\u00f6posti<\/h3>\r\n\t\t\t\t\t\t\t\ttoimisto(at)huima.org\t\t\t\t\t\t\t<\/div>\r\n\t\t\t\t\t\t<\/div>\t\t\t\t<\/div><div class=\"mb-6 lg:mb-0\">\r\n\t\t\t\t\t<h2 class=\"!text-[18px] font-bold mb-6\">Yhteyshenkil\u00f6t<\/h2><div class=\"flex items-start pb-4 min-h-[90px] lg:min-h-[131px]\"><img class=\"w-[70px] rounded-full mr-6\" \r\n\t\t\t\t\t\t\t\tsrc=\"https:\/\/huimabasketball.fi\/juniorit\/wp-content\/themes\/huimabasket2023\/img\/placeholder.png\" alt=\"Yhteyshenkil\u00f6n kuvake\">\t\t\t\t\t\t\t<div class=\"\">\r\n\t\t\t\t\t\t\t\t<h3 class=\"!text-[18px] font-bold !text-white\">Jarmo R\u00e4is\u00e4nen<\/h3>\r\n\t\t\t\t\t\t\t\t<div>Puheenjohtaja<\/div>\r\n\t\t\t\t\t\t\t\t<div>045 238 2238<\/div>\r\n\t\t\t\t\t\t\t\t<div>\r\n\t\t\t\t\t\t\t\t\t<a href=\"mailto:jarmoraisanen81@gmail.com\">jarmoraisanen81@<wbr>gmail.com\t\t\t\t\t\t\t\t\t<\/a>\r\n\t\t\t\t\t\t\t\t<\/div>\r\n\t\t\t\t\t\t\t<\/div>\r\n\t\t\t\t\t\t<\/div><div class=\"flex items-start pb-4 min-h-[90px] lg:min-h-[131px]\"><img class=\"w-[70px] rounded-full mr-6\" \r\n\t\t\t\t\t\t\t\tsrc=\"https:\/\/huimabasketball.fi\/juniorit\/wp-content\/themes\/huimabasket2023\/img\/placeholder.png\" alt=\"Yhteyshenkil\u00f6n kuvake\">\t\t\t\t\t\t\t<div class=\"\">\r\n\t\t\t\t\t\t\t\t<h3 class=\"!text-[18px] font-bold !text-white\">Timo Strickling<\/h3>\r\n\t\t\t\t\t\t\t\t<div>Varapuheenjohtaja<\/div>\r\n\t\t\t\t\t\t\t\t<div>040 730 1064<\/div>\r\n\t\t\t\t\t\t\t\t<div>\r\n\t\t\t\t\t\t\t\t\t<a href=\"mailto:timo.strickling@gmail.com\">timo.strickling@<wbr>gmail.com\t\t\t\t\t\t\t\t\t<\/a>\r\n\t\t\t\t\t\t\t\t<\/div>\r\n\t\t\t\t\t\t\t<\/div>\r\n\t\t\t\t\t\t<\/div><div class=\"flex items-start pb-4 min-h-[90px] lg:min-h-[131px]\"><img class=\"w-[70px] rounded-full mr-6\" \r\n\t\t\t\t\t\t\t\tsrc=\"https:\/\/huimabasketball.fi\/juniorit\/wp-content\/themes\/huimabasket2023\/img\/placeholder.png\" alt=\"Yhteyshenkil\u00f6n kuvake\">\t\t\t\t\t\t\t<div class=\"\">\r\n\t\t\t\t\t\t\t\t<h3 class=\"!text-[18px] font-bold !text-white\">Viivi Hyt\u00f6nen<\/h3>\r\n\t\t\t\t\t\t\t\t<div>Taloudenhoitaja<\/div>\r\n\t\t\t\t\t\t\t\t<div>0401829999<\/div>\r\n\t\t\t\t\t\t\t\t<div>\r\n\t\t\t\t\t\t\t\t\t<a href=\"mailto:toimisto@huima.org\">toimisto@<wbr>huima.org\t\t\t\t\t\t\t\t\t<\/a>\r\n\t\t\t\t\t\t\t\t<\/div>\r\n\t\t\t\t\t\t\t<\/div>\r\n\t\t\t\t\t\t<\/div>\t\t\t\t<\/div><div class=\"mb-6 lg:mb-0\">\r\n\t\t\t\t\t<h2 class=\"!text-[18px] font-bold mb-6\">Yhteyshenkil\u00f6t<\/h2><div class=\"flex items-start pb-4 min-h-[90px] lg:min-h-[131px]\"><img class=\"w-[70px] rounded-full mr-6\" \r\n\t\t\t\t\t\t\t\tsrc=\"https:\/\/huimabasketball.fi\/juniorit\/wp-content\/themes\/huimabasket2023\/img\/placeholder.png\" alt=\"Yhteyshenkil\u00f6n kuvake\">\t\t\t\t\t\t\t<div class=\"\">\r\n\t\t\t\t\t\t\t\t<h3 class=\"!text-[18px] font-bold !text-white\">Tiina Penttinen <\/h3>\r\n\t\t\t\t\t\t\t\t<div>Lauri Markkasen koriskoulu (s.2018-2019 &#038; s. 2020))<\/div>\r\n\t\t\t\t\t\t\t\t<div>040 821 8215<\/div>\r\n\t\t\t\t\t\t\t\t<div>\r\n\t\t\t\t\t\t\t\t\t<a href=\"mailto:\">\t\t\t\t\t\t\t\t\t<\/a>\r\n\t\t\t\t\t\t\t\t<\/div>\r\n\t\t\t\t\t\t\t<\/div>\r\n\t\t\t\t\t\t<\/div><div class=\"flex items-start pb-4 min-h-[90px] lg:min-h-[131px]\"><img class=\"w-[70px] rounded-full mr-6\" \r\n\t\t\t\t\t\t\t\tsrc=\"https:\/\/huimabasketball.fi\/juniorit\/wp-content\/themes\/huimabasket2023\/img\/placeholder.png\" alt=\"Yhteyshenkil\u00f6n kuvake\">\t\t\t\t\t\t\t<div class=\"\">\r\n\t\t\t\t\t\t\t\t<h3 class=\"!text-[18px] font-bold !text-white\">Aden Kariuki<\/h3>\r\n\t\t\t\t\t\t\t\t<div>Mikrotyt\u00f6t (s.2016-2017)<\/div>\r\n\t\t\t\t\t\t\t\t<div>044 304 1993<\/div>\r\n\t\t\t\t\t\t\t\t<div>\r\n\t\t\t\t\t\t\t\t\t<a href=\"mailto:\">\t\t\t\t\t\t\t\t\t<\/a>\r\n\t\t\t\t\t\t\t\t<\/div>\r\n\t\t\t\t\t\t\t<\/div>\r\n\t\t\t\t\t\t<\/div><div class=\"flex items-start pb-4 min-h-[90px] lg:min-h-[131px]\"><img class=\"w-[70px] rounded-full mr-6\" \r\n\t\t\t\t\t\t\t\tsrc=\"https:\/\/huimabasketball.fi\/juniorit\/wp-content\/themes\/huimabasket2023\/img\/placeholder.png\" alt=\"Yhteyshenkil\u00f6n kuvake\">\t\t\t\t\t\t\t<div class=\"\">\r\n\t\t\t\t\t\t\t\t<h3 class=\"!text-[18px] font-bold !text-white\">Anssi Niskanen<\/h3>\r\n\t\t\t\t\t\t\t\t<div>Mikropojat (s.2016-2017)<\/div>\r\n\t\t\t\t\t\t\t\t<div>040 565 8931<\/div>\r\n\t\t\t\t\t\t\t\t<div>\r\n\t\t\t\t\t\t\t\t\t<a href=\"mailto:\">\t\t\t\t\t\t\t\t\t<\/a>\r\n\t\t\t\t\t\t\t\t<\/div>\r\n\t\t\t\t\t\t\t<\/div>\r\n\t\t\t\t\t\t<\/div><div class=\"flex items-start pb-4 min-h-[90px] lg:min-h-[131px]\"><img class=\"w-[70px] rounded-full mr-6\" \r\n\t\t\t\t\t\t\t\tsrc=\"https:\/\/huimabasketball.fi\/juniorit\/wp-content\/themes\/huimabasket2023\/img\/placeholder.png\" alt=\"Yhteyshenkil\u00f6n kuvake\">\t\t\t\t\t\t\t<div class=\"\">\r\n\t\t\t\t\t\t\t\t<h3 class=\"!text-[18px] font-bold !text-white\">Suvi Sormunen<\/h3>\r\n\t\t\t\t\t\t\t\t<div>Minityt\u00f6t (s.2014-2015)<\/div>\r\n\t\t\t\t\t\t\t\t<div>045 672 7487<\/div>\r\n\t\t\t\t\t\t\t\t<div>\r\n\t\t\t\t\t\t\t\t\t<a href=\"mailto:\">\t\t\t\t\t\t\t\t\t<\/a>\r\n\t\t\t\t\t\t\t\t<\/div>\r\n\t\t\t\t\t\t\t<\/div>\r\n\t\t\t\t\t\t<\/div><div class=\"flex items-start pb-4 min-h-[90px] lg:min-h-[131px]\"><img class=\"w-[70px] rounded-full mr-6\" \r\n\t\t\t\t\t\t\t\tsrc=\"https:\/\/huimabasketball.fi\/juniorit\/wp-content\/themes\/huimabasket2023\/img\/placeholder.png\" alt=\"Yhteyshenkil\u00f6n kuvake\">\t\t\t\t\t\t\t<div class=\"\">\r\n\t\t\t\t\t\t\t\t<h3 class=\"!text-[18px] font-bold !text-white\">Jarmo R\u00e4is\u00e4nen <\/h3>\r\n\t\t\t\t\t\t\t\t<div>Minipojat (s.2014-2015)<\/div>\r\n\t\t\t\t\t\t\t\t<div>045 238 2238<\/div>\r\n\t\t\t\t\t\t\t\t<div>\r\n\t\t\t\t\t\t\t\t\t<a href=\"mailto:\">\t\t\t\t\t\t\t\t\t<\/a>\r\n\t\t\t\t\t\t\t\t<\/div>\r\n\t\t\t\t\t\t\t<\/div>\r\n\t\t\t\t\t\t<\/div><div class=\"flex items-start pb-4 min-h-[90px] lg:min-h-[131px]\"><img class=\"w-[70px] rounded-full mr-6\" \r\n\t\t\t\t\t\t\t\tsrc=\"https:\/\/huimabasketball.fi\/juniorit\/wp-content\/themes\/huimabasket2023\/img\/placeholder.png\" alt=\"Yhteyshenkil\u00f6n kuvake\">\t\t\t\t\t\t\t<div class=\"\">\r\n\t\t\t\t\t\t\t\t<h3 class=\"!text-[18px] font-bold !text-white\">Marjo Junikka<\/h3>\r\n\t\t\t\t\t\t\t\t<div>MU14<\/div>\r\n\t\t\t\t\t\t\t\t<div>040 742 3122<\/div>\r\n\t\t\t\t\t\t\t\t<div>\r\n\t\t\t\t\t\t\t\t\t<a href=\"mailto:\">\t\t\t\t\t\t\t\t\t<\/a>\r\n\t\t\t\t\t\t\t\t<\/div>\r\n\t\t\t\t\t\t\t<\/div>\r\n\t\t\t\t\t\t<\/div><div class=\"flex items-start pb-4 min-h-[90px] lg:min-h-[131px]\"><img class=\"w-[70px] rounded-full mr-6\" \r\n\t\t\t\t\t\t\t\tsrc=\"https:\/\/huimabasketball.fi\/juniorit\/wp-content\/themes\/huimabasket2023\/img\/placeholder.png\" alt=\"Yhteyshenkil\u00f6n kuvake\">\t\t\t\t\t\t\t<div class=\"\">\r\n\t\t\t\t\t\t\t\t<h3 class=\"!text-[18px] font-bold !text-white\">Petri Savolainen<\/h3>\r\n\t\t\t\t\t\t\t\t<div>MU16<\/div>\r\n\t\t\t\t\t\t\t\t<div>040 554 5854<\/div>\r\n\t\t\t\t\t\t\t\t<div>\r\n\t\t\t\t\t\t\t\t\t<a href=\"mailto:\">\t\t\t\t\t\t\t\t\t<\/a>\r\n\t\t\t\t\t\t\t\t<\/div>\r\n\t\t\t\t\t\t\t<\/div>\r\n\t\t\t\t\t\t<\/div><div class=\"flex items-start pb-4 min-h-[90px] lg:min-h-[131px]\"><img class=\"w-[70px] rounded-full mr-6\" \r\n\t\t\t\t\t\t\t\tsrc=\"https:\/\/huimabasketball.fi\/juniorit\/wp-content\/themes\/huimabasket2023\/img\/placeholder.png\" alt=\"Yhteyshenkil\u00f6n kuvake\">\t\t\t\t\t\t\t<div class=\"\">\r\n\t\t\t\t\t\t\t\t<h3 class=\"!text-[18px] font-bold !text-white\">Lars-Antti N\u00e4kk\u00e4l\u00e4j\u00e4rvi<\/h3>\r\n\t\t\t\t\t\t\t\t<div>WU14<\/div>\r\n\t\t\t\t\t\t\t\t<div>044 788 7411<\/div>\r\n\t\t\t\t\t\t\t\t<div>\r\n\t\t\t\t\t\t\t\t\t<a href=\"mailto:\">\t\t\t\t\t\t\t\t\t<\/a>\r\n\t\t\t\t\t\t\t\t<\/div>\r\n\t\t\t\t\t\t\t<\/div>\r\n\t\t\t\t\t\t<\/div><div class=\"flex items-start pb-4 min-h-[90px] lg:min-h-[131px]\"><img class=\"w-[70px] rounded-full mr-6\" \r\n\t\t\t\t\t\t\t\tsrc=\"https:\/\/huimabasketball.fi\/juniorit\/wp-content\/themes\/huimabasket2023\/img\/placeholder.png\" alt=\"Yhteyshenkil\u00f6n kuvake\">\t\t\t\t\t\t\t<div class=\"\">\r\n\t\t\t\t\t\t\t\t<h3 class=\"!text-[18px] font-bold !text-white\">Sanna J\u00e4ms\u00e9n<\/h3>\r\n\t\t\t\t\t\t\t\t<div>WU19<\/div>\r\n\t\t\t\t\t\t\t\t<div>044 362 3279<\/div>\r\n\t\t\t\t\t\t\t\t<div>\r\n\t\t\t\t\t\t\t\t\t<a href=\"mailto:\">\t\t\t\t\t\t\t\t\t<\/a>\r\n\t\t\t\t\t\t\t\t<\/div>\r\n\t\t\t\t\t\t\t<\/div>\r\n\t\t\t\t\t\t<\/div><div class=\"flex items-start pb-4 min-h-[90px] lg:min-h-[131px]\"><img class=\"w-[70px] rounded-full mr-6\" \r\n\t\t\t\t\t\t\t\tsrc=\"https:\/\/huimabasketball.fi\/juniorit\/wp-content\/themes\/huimabasket2023\/img\/placeholder.png\" alt=\"Yhteyshenkil\u00f6n kuvake\">\t\t\t\t\t\t\t<div class=\"\">\r\n\t\t\t\t\t\t\t\t<h3 class=\"!text-[18px] font-bold !text-white\">Nita Sarja<\/h3>\r\n\t\t\t\t\t\t\t\t<div>Naisten Harrastekoris<\/div>\r\n\t\t\t\t\t\t\t\t<div>040 769 4770<\/div>\r\n\t\t\t\t\t\t\t\t<div>\r\n\t\t\t\t\t\t\t\t\t<a href=\"mailto:\">\t\t\t\t\t\t\t\t\t<\/a>\r\n\t\t\t\t\t\t\t\t<\/div>\r\n\t\t\t\t\t\t\t<\/div>\r\n\t\t\t\t\t\t<\/div><div class=\"flex items-start pb-4 min-h-[90px] lg:min-h-[131px]\"><img class=\"w-[70px] rounded-full mr-6\" \r\n\t\t\t\t\t\t\t\tsrc=\"https:\/\/huimabasketball.fi\/juniorit\/wp-content\/themes\/huimabasket2023\/img\/placeholder.png\" alt=\"Yhteyshenkil\u00f6n kuvake\">\t\t\t\t\t\t\t<div class=\"\">\r\n\t\t\t\t\t\t\t\t<h3 class=\"!text-[18px] font-bold !text-white\">Timo Strickling<\/h3>\r\n\t\t\t\t\t\t\t\t<div>Miesten Harrastekoris<\/div>\r\n\t\t\t\t\t\t\t\t<div>040 730 1064<\/div>\r\n\t\t\t\t\t\t\t\t<div>\r\n\t\t\t\t\t\t\t\t\t<a href=\"mailto:\">\t\t\t\t\t\t\t\t\t<\/a>\r\n\t\t\t\t\t\t\t\t<\/div>\r\n\t\t\t\t\t\t\t<\/div>\r\n\t\t\t\t\t\t<\/div>\t\t\t\t<\/div>\t\t<\/div>\r\n\t<\/div>\r\n<\/div>","protected":false},"excerpt":{"rendered":"","protected":false},"author":1,"featured_media":0,"parent":0,"menu_order":0,"comment_status":"closed","ping_status":"closed","template":"","meta":{"_acf_changed":false,"_relevanssi_hide_post":"","_relevanssi_hide_content":"","_relevanssi_pin_for_all":"","_relevanssi_pin_keywords":"","_relevanssi_unpin_keywords":"","_relevanssi_related_keywords":"","_relevanssi_related_include_ids":"","_relevanssi_related_exclude_ids":"","_relevanssi_related_no_append":"","_relevanssi_related_not_related":"","_relevanssi_related_posts":"60","_relevanssi_noindex_reason":"","footnotes":""},"class_list":["post-68","page","type-page","status-publish","hentry"],"acf":[],"yoast_head":"<title>Yhteystiedot - Huima Basketball Juniorit<\/title>\n<meta name=\"robots\" content=\"index, follow, max-snippet:-1, max-image-preview:large, max-video-preview:-1\" \/>\n<link rel=\"canonical\" href=\"https:\/\/huimabasketball.fi\/juniorit\/yhteystiedot\/\" \/>\n<meta property=\"og:locale\" content=\"fi_FI\" \/>\n<meta property=\"og:type\" content=\"article\" \/>\n<meta property=\"og:title\" content=\"Yhteystiedot - Huima Basketball Juniorit\" \/>\n<meta property=\"og:url\" content=\"https:\/\/huimabasketball.fi\/juniorit\/yhteystiedot\/\" \/>\n<meta property=\"og:site_name\" content=\"Huima Basketball Juniorit\" \/>\n<meta property=\"article:publisher\" content=\"https:\/\/www.facebook.com\/Huimabasketballjuniorit\/\" \/>\n<meta property=\"article:modified_time\" content=\"2025-10-26T21:08:17+00:00\" \/>\n<meta property=\"og:image\" content=\"https:\/\/huimabasketball.fi\/juniorit\/wp-content\/uploads\/2023\/08\/huima-logo.png\" \/>\n\t<meta property=\"og:image:width\" content=\"514\" \/>\n\t<meta property=\"og:image:height\" content=\"444\" \/>\n\t<meta property=\"og:image:type\" content=\"image\/png\" \/>\n<meta name=\"twitter:card\" content=\"summary_large_image\" \/>\n<meta name=\"twitter:label1\" content=\"Arvioitu lukuaika\" \/>\n\t<meta name=\"twitter:data1\" content=\"1 minuutti\" \/>\n<script type=\"application\/ld+json\" class=\"yoast-schema-graph\">{\"@context\":\"https:\\\/\\\/schema.org\",\"@graph\":[{\"@type\":\"WebPage\",\"@id\":\"https:\\\/\\\/huimabasketball.fi\\\/juniorit\\\/yhteystiedot\\\/\",\"url\":\"https:\\\/\\\/huimabasketball.fi\\\/juniorit\\\/yhteystiedot\\\/\",\"name\":\"Yhteystiedot - Huima Basketball Juniorit\",\"isPartOf\":{\"@id\":\"https:\\\/\\\/huimabasketball.fi\\\/juniorit\\\/#website\"},\"datePublished\":\"2023-01-16T00:46:56+00:00\",\"dateModified\":\"2025-10-26T21:08:17+00:00\",\"breadcrumb\":{\"@id\":\"https:\\\/\\\/huimabasketball.fi\\\/juniorit\\\/yhteystiedot\\\/#breadcrumb\"},\"inLanguage\":\"fi\",\"potentialAction\":[{\"@type\":\"ReadAction\",\"target\":[\"https:\\\/\\\/huimabasketball.fi\\\/juniorit\\\/yhteystiedot\\\/\"]}]},{\"@type\":\"BreadcrumbList\",\"@id\":\"https:\\\/\\\/huimabasketball.fi\\\/juniorit\\\/yhteystiedot\\\/#breadcrumb\",\"itemListElement\":[{\"@type\":\"ListItem\",\"position\":1,\"name\":\"Home\",\"item\":\"https:\\\/\\\/huimabasketball.fi\\\/juniorit\\\/\"},{\"@type\":\"ListItem\",\"position\":2,\"name\":\"Yhteystiedot\"}]},{\"@type\":\"WebSite\",\"@id\":\"https:\\\/\\\/huimabasketball.fi\\\/juniorit\\\/#website\",\"url\":\"https:\\\/\\\/huimabasketball.fi\\\/juniorit\\\/\",\"name\":\"Huima Basketball Juniorit\",\"description\":\"Olisiko aika aloittaa koris? Tervetuloa \u00c4\u00e4nekosken Huiman juniorikoripallon kotisivuille!\",\"publisher\":{\"@id\":\"https:\\\/\\\/huimabasketball.fi\\\/juniorit\\\/#organization\"},\"alternateName\":\"Huima juniorikoripallo\",\"potentialAction\":[{\"@type\":\"SearchAction\",\"target\":{\"@type\":\"EntryPoint\",\"urlTemplate\":\"https:\\\/\\\/huimabasketball.fi\\\/juniorit\\\/?s={search_term_string}\"},\"query-input\":{\"@type\":\"PropertyValueSpecification\",\"valueRequired\":true,\"valueName\":\"search_term_string\"}}],\"inLanguage\":\"fi\"},{\"@type\":\"Organization\",\"@id\":\"https:\\\/\\\/huimabasketball.fi\\\/juniorit\\\/#organization\",\"name\":\"Huima Basketball juniorit\",\"alternateName\":\"Huima juniorikoripallo\",\"url\":\"https:\\\/\\\/huimabasketball.fi\\\/juniorit\\\/\",\"logo\":{\"@type\":\"ImageObject\",\"inLanguage\":\"fi\",\"@id\":\"https:\\\/\\\/huimabasketball.fi\\\/juniorit\\\/#\\\/schema\\\/logo\\\/image\\\/\",\"url\":\"https:\\\/\\\/huimabasketball.fi\\\/juniorit\\\/wp-content\\\/uploads\\\/2023\\\/08\\\/huima-logo.png\",\"contentUrl\":\"https:\\\/\\\/huimabasketball.fi\\\/juniorit\\\/wp-content\\\/uploads\\\/2023\\\/08\\\/huima-logo.png\",\"width\":514,\"height\":444,\"caption\":\"Huima Basketball juniorit\"},\"image\":{\"@id\":\"https:\\\/\\\/huimabasketball.fi\\\/juniorit\\\/#\\\/schema\\\/logo\\\/image\\\/\"},\"sameAs\":[\"https:\\\/\\\/www.facebook.com\\\/Huimabasketballjuniorit\\\/\",\"https:\\\/\\\/www.instagram.com\\\/huimabasketballjuniorit\\\/\"]}]}<\/script>","yoast_head_json":{"title":"Yhteystiedot - Huima Basketball Juniorit","robots":{"index":"index","follow":"follow","max-snippet":"max-snippet:-1","max-image-preview":"max-image-preview:large","max-video-preview":"max-video-preview:-1"},"canonical":"https:\/\/huimabasketball.fi\/juniorit\/yhteystiedot\/","og_locale":"fi_FI","og_type":"article","og_title":"Yhteystiedot - Huima Basketball Juniorit","og_url":"https:\/\/huimabasketball.fi\/juniorit\/yhteystiedot\/","og_site_name":"Huima Basketball Juniorit","article_publisher":"https:\/\/www.facebook.com\/Huimabasketballjuniorit\/","article_modified_time":"2025-10-26T21:08:17+00:00","og_image":[{"width":514,"height":444,"url":"https:\/\/huimabasketball.fi\/juniorit\/wp-content\/uploads\/2023\/08\/huima-logo.png","type":"image\/png"}],"twitter_card":"summary_large_image","twitter_misc":{"Arvioitu lukuaika":"1 minuutti"},"schema":{"@context":"https:\/\/schema.org","@graph":[{"@type":"WebPage","@id":"https:\/\/huimabasketball.fi\/juniorit\/yhteystiedot\/","url":"https:\/\/huimabasketball.fi\/juniorit\/yhteystiedot\/","name":"Yhteystiedot - Huima Basketball Juniorit","isPartOf":{"@id":"https:\/\/huimabasketball.fi\/juniorit\/#website"},"datePublished":"2023-01-16T00:46:56+00:00","dateModified":"2025-10-26T21:08:17+00:00","breadcrumb":{"@id":"https:\/\/huimabasketball.fi\/juniorit\/yhteystiedot\/#breadcrumb"},"inLanguage":"fi","potentialAction":[{"@type":"ReadAction","target":["https:\/\/huimabasketball.fi\/juniorit\/yhteystiedot\/"]}]},{"@type":"BreadcrumbList","@id":"https:\/\/huimabasketball.fi\/juniorit\/yhteystiedot\/#breadcrumb","itemListElement":[{"@type":"ListItem","position":1,"name":"Home","item":"https:\/\/huimabasketball.fi\/juniorit\/"},{"@type":"ListItem","position":2,"name":"Yhteystiedot"}]},{"@type":"WebSite","@id":"https:\/\/huimabasketball.fi\/juniorit\/#website","url":"https:\/\/huimabasketball.fi\/juniorit\/","name":"Huima Basketball Juniorit","description":"Olisiko aika aloittaa koris? Tervetuloa \u00c4\u00e4nekosken Huiman juniorikoripallon kotisivuille!","publisher":{"@id":"https:\/\/huimabasketball.fi\/juniorit\/#organization"},"alternateName":"Huima juniorikoripallo","potentialAction":[{"@type":"SearchAction","target":{"@type":"EntryPoint","urlTemplate":"https:\/\/huimabasketball.fi\/juniorit\/?s={search_term_string}"},"query-input":{"@type":"PropertyValueSpecification","valueRequired":true,"valueName":"search_term_string"}}],"inLanguage":"fi"},{"@type":"Organization","@id":"https:\/\/huimabasketball.fi\/juniorit\/#organization","name":"Huima Basketball juniorit","alternateName":"Huima juniorikoripallo","url":"https:\/\/huimabasketball.fi\/juniorit\/","logo":{"@type":"ImageObject","inLanguage":"fi","@id":"https:\/\/huimabasketball.fi\/juniorit\/#\/schema\/logo\/image\/","url":"https:\/\/huimabasketball.fi\/juniorit\/wp-content\/uploads\/2023\/08\/huima-logo.png","contentUrl":"https:\/\/huimabasketball.fi\/juniorit\/wp-content\/uploads\/2023\/08\/huima-logo.png","width":514,"height":444,"caption":"Huima Basketball juniorit"},"image":{"@id":"https:\/\/huimabasketball.fi\/juniorit\/#\/schema\/logo\/image\/"},"sameAs":["https:\/\/www.facebook.com\/Huimabasketballjuniorit\/","https:\/\/www.instagram.com\/huimabasketballjuniorit\/"]}]}},"_links":{"self":[{"href":"https:\/\/huimabasketball.fi\/juniorit\/wp-json\/wp\/v2\/pages\/68","targetHints":{"allow":["GET"]}}],"collection":[{"href":"https:\/\/huimabasketball.fi\/juniorit\/wp-json\/wp\/v2\/pages"}],"about":[{"href":"https:\/\/huimabasketball.fi\/juniorit\/wp-json\/wp\/v2\/types\/page"}],"author":[{"embeddable":true,"href":"https:\/\/huimabasketball.fi\/juniorit\/wp-json\/wp\/v2\/users\/1"}],"replies":[{"embeddable":true,"href":"https:\/\/huimabasketball.fi\/juniorit\/wp-json\/wp\/v2\/comments?post=68"}],"version-history":[{"count":101,"href":"https:\/\/huimabasketball.fi\/juniorit\/wp-json\/wp\/v2\/pages\/68\/revisions"}],"predecessor-version":[{"id":1683,"href":"https:\/\/huimabasketball.fi\/juniorit\/wp-json\/wp\/v2\/pages\/68\/revisions\/1683"}],"wp:attachment":[{"href":"https:\/\/huimabasketball.fi\/juniorit\/wp-json\/wp\/v2\/media?parent=68"}],"curies":[{"name":"wp","href":"https:\/\/api.w.org\/{rel}","templated":true}]}}