{"id":1985,"date":"2026-04-21T17:42:22","date_gmt":"2026-04-21T14:42:22","guid":{"rendered":"https:\/\/huimabasketball.fi\/juniorit\/?page_id=1985"},"modified":"2026-04-21T17:42:55","modified_gmt":"2026-04-21T14:42:55","slug":"kesaleiri-2026","status":"publish","type":"page","link":"https:\/\/huimabasketball.fi\/juniorit\/kesaleiri-2026\/","title":{"rendered":"Kes\u00e4leiri 2026"},"content":{"rendered":"\r\n<div id=\"kappale-block_274e14d248ef2d9da435c4470c01e6b6\" class=\"container mx-auto px-4 sm:px-6 kappale-class flex flex-wrap\">\r\n\t<div class=\"sisaltotxt font-oswald font-light text-[16px] w-full lg:w-[70%] lg:pr-12\">\r\n\t\t<h2>Huima Basketball<br \/>\nKes\u00e4leiri 2026<\/h2>\n<p>&nbsp;<\/p>\n<p>Toivotamme mikro- ja mini-ik\u00e4iset koripalloilijat (2015-2018-syntyneet) tervetulleiksi p\u00e4iv\u00e4leirille koripalloilemaan. Leirin hinta 30e ja siihen kuuluu v\u00e4lipala.<\/p>\n<p>Leiri j\u00e4rjestet\u00e4\u00e4n: 29.6-1.7.<\/p>\n<p>Paikka: \u00c4\u00e4nekosken liikuntatalo<\/p>\n<p>Leirip\u00e4iv\u00e4n kesto 10:00-14:00<\/p>\n\t<\/div><div class=\"w-full lg:w-[30%]\">\r\n\t\t\t<div class=\"grid grid-cols-1 md:grid-cols-2 gap-x-3 gap-y-4\"><div class=\"md:col-span-2 flex flex-col justify-between\">\r\n\t\t\t\t\t\t\t<a href=\"https:\/\/huimabasketball.fi\/juniorit\/wp-content\/uploads\/2026\/04\/junikka.webp\" title=\"\">\r\n\t\t\t\t\t\t\t\t<img decoding=\"async\" class=\"w-full\" src=\"https:\/\/huimabasketball.fi\/juniorit\/wp-content\/uploads\/2026\/04\/junikka.webp\">\r\n\t\t\t\t\t\t\t<\/a>\t\t\t\t\t\t<\/div>\t\t\t<\/div>\r\n\t\t<\/div><\/div>\n\n\n<div style=\"height:56px\" aria-hidden=\"true\" class=\"wp-block-spacer\"><\/div>\n\n\n<div class=\"container mx-auto font-oswald text-blue px-6\"><script type=\"text\/javascript\">\n\/* <![CDATA[ *\/\nvar gform;gform||(document.addEventListener(\"gform_main_scripts_loaded\",function(){gform.scriptsLoaded=!0}),document.addEventListener(\"gform\/theme\/scripts_loaded\",function(){gform.themeScriptsLoaded=!0}),window.addEventListener(\"DOMContentLoaded\",function(){gform.domLoaded=!0}),gform={domLoaded:!1,scriptsLoaded:!1,themeScriptsLoaded:!1,isFormEditor:()=>\"function\"==typeof InitializeEditor,callIfLoaded:function(o){return!(!gform.domLoaded||!gform.scriptsLoaded||!gform.themeScriptsLoaded&&!gform.isFormEditor()||(gform.isFormEditor()&&console.warn(\"The use of gform.initializeOnLoaded() is deprecated in the form editor context and will be removed in Gravity Forms 3.1.\"),o(),0))},initializeOnLoaded:function(o){gform.callIfLoaded(o)||(document.addEventListener(\"gform_main_scripts_loaded\",()=>{gform.scriptsLoaded=!0,gform.callIfLoaded(o)}),document.addEventListener(\"gform\/theme\/scripts_loaded\",()=>{gform.themeScriptsLoaded=!0,gform.callIfLoaded(o)}),window.addEventListener(\"DOMContentLoaded\",()=>{gform.domLoaded=!0,gform.callIfLoaded(o)}))},hooks:{action:{},filter:{}},addAction:function(o,r,e,t){gform.addHook(\"action\",o,r,e,t)},addFilter:function(o,r,e,t){gform.addHook(\"filter\",o,r,e,t)},doAction:function(o){gform.doHook(\"action\",o,arguments)},applyFilters:function(o){return gform.doHook(\"filter\",o,arguments)},removeAction:function(o,r){gform.removeHook(\"action\",o,r)},removeFilter:function(o,r,e){gform.removeHook(\"filter\",o,r,e)},addHook:function(o,r,e,t,n){null==gform.hooks[o][r]&&(gform.hooks[o][r]=[]);var d=gform.hooks[o][r];null==n&&(n=r+\"_\"+d.length),gform.hooks[o][r].push({tag:n,callable:e,priority:t=null==t?10:t})},doHook:function(r,o,e){var t;if(e=Array.prototype.slice.call(e,1),null!=gform.hooks[r][o]&&((o=gform.hooks[r][o]).sort(function(o,r){return o.priority-r.priority}),o.forEach(function(o){\"function\"!=typeof(t=o.callable)&&(t=window[t]),\"action\"==r?t.apply(null,e):e[0]=t.apply(null,e)})),\"filter\"==r)return e[0]},removeHook:function(o,r,t,n){var e;null!=gform.hooks[o][r]&&(e=(e=gform.hooks[o][r]).filter(function(o,r,e){return!!(null!=n&&n!=o.tag||null!=t&&t!=o.priority)}),gform.hooks[o][r]=e)}});\n\/* ]]> *\/\n<\/script>\n\n                <div class='gf_browser_gecko gform_wrapper gravity-theme gform-theme--no-framework' data-form-theme='gravity-theme' data-form-index='0' id='gform_wrapper_9' ><div id='gf_9' class='gform_anchor' tabindex='-1'><\/div>\n                        <div class='gform_heading'>\n                            <h2 class=\"gform_title\">Kes\u00e4leiri 2026 ilmoittautuminen<\/h2>\n                            <p class='gform_description'><\/p>\n                        <\/div><form method='post' enctype='multipart\/form-data'  id='gform_9'  action='\/juniorit\/wp-json\/wp\/v2\/pages\/1985#gf_9' data-formid='9' novalidate>\n                        <div class='gform-body gform_body'><div id='gform_fields_9' class='gform_fields top_label form_sublabel_below description_below validation_below'><div id=\"field_9_11\" class=\"gfield gfield--type-honeypot gform_validation_container field_sublabel_below gfield--has-description field_description_below field_validation_below gfield_visibility_visible\"  ><label class='gfield_label gform-field-label' for='input_9_11'>Email<\/label><div class='ginput_container'><input name='input_11' id='input_9_11' type='text' value='' autocomplete='new-password'\/><\/div><div class='gfield_description' id='gfield_description_9_11'>Kentt\u00e4 on validointitarkoituksiin ja tulee j\u00e4tt\u00e4\u00e4 koskemattomaksi.<\/div><\/div><div id=\"field_9_1\" class=\"gfield gfield--type-text gfield--input-type-text gfield--width-half gfield_contains_required field_sublabel_below gfield--no-description field_description_below field_validation_below gfield_visibility_visible\"  ><label class='gfield_label gform-field-label' for='input_9_1'>Osallistujan nimi<span class=\"gfield_required\"><span class=\"gfield_required gfield_required_text\">(Pakollinen)<\/span><\/span><\/label><div class='ginput_container ginput_container_text'><input name='input_1' id='input_9_1' type='text' value='' class='large'     aria-required=\"true\" aria-invalid=\"false\"   \/><\/div><\/div><div id=\"field_9_3\" class=\"gfield gfield--type-number gfield--input-type-number gfield--width-half gfield_contains_required field_sublabel_below gfield--no-description field_description_below field_validation_below gfield_visibility_visible\"  ><label class='gfield_label gform-field-label' for='input_9_3'>Osallistujan syntym\u00e4vuosi<span class=\"gfield_required\"><span class=\"gfield_required gfield_required_text\">(Pakollinen)<\/span><\/span><\/label><div class='ginput_container ginput_container_number'><input name='input_3' id='input_9_3' type='number' step='any'   value='' class='large'     aria-required=\"true\" aria-invalid=\"false\"  \/><\/div><\/div><div id=\"field_9_4\" class=\"gfield gfield--type-text gfield--input-type-text field_sublabel_below gfield--no-description field_description_below field_validation_below gfield_visibility_visible\"  ><label class='gfield_label gform-field-label' for='input_9_4'>Ruoka-aineallergiat<\/label><div class='ginput_container ginput_container_text'><input name='input_4' id='input_9_4' type='text' value='' class='large'      aria-invalid=\"false\"   \/><\/div><\/div><div id=\"field_9_5\" class=\"gfield gfield--type-textarea gfield--input-type-textarea field_sublabel_below gfield--no-description field_description_below field_validation_below gfield_visibility_visible\"  ><label class='gfield_label gform-field-label' for='input_9_5'>Muuta t\u00e4rke\u00e4\u00e4 tietoa j\u00e4rjest\u00e4v\u00e4lle taholle<\/label><div class='ginput_container ginput_container_textarea'><textarea name='input_5' id='input_9_5' class='textarea small'      aria-invalid=\"false\"   rows='10' cols='50'><\/textarea><\/div><\/div><div id=\"field_9_6\" class=\"gfield gfield--type-text gfield--input-type-text field_sublabel_below gfield--no-description field_description_below field_validation_below gfield_visibility_visible\"  ><label class='gfield_label gform-field-label' for='input_9_6'>Osallistujan seura<\/label><div class='ginput_container ginput_container_text'><input name='input_6' id='input_9_6' type='text' value='' class='large'      aria-invalid=\"false\"   \/><\/div><\/div><div id=\"field_9_10\" class=\"gfield gfield--type-section gfield--input-type-section gsection field_sublabel_below gfield--no-description field_description_below field_validation_below gfield_visibility_visible\"  ><h3 class=\"gsection_title\">Huoltajan tiedot<\/h3><\/div><div id=\"field_9_7\" class=\"gfield gfield--type-text gfield--input-type-text gfield--width-third gfield_contains_required field_sublabel_below gfield--no-description field_description_below field_validation_below gfield_visibility_visible\"  ><label class='gfield_label gform-field-label' for='input_9_7'>Huoltajan nimi<span class=\"gfield_required\"><span class=\"gfield_required gfield_required_text\">(Pakollinen)<\/span><\/span><\/label><div class='ginput_container ginput_container_text'><input name='input_7' id='input_9_7' type='text' value='' class='large'     aria-required=\"true\" aria-invalid=\"false\"   \/><\/div><\/div><div id=\"field_9_8\" class=\"gfield gfield--type-text gfield--input-type-text gfield--width-third gfield_contains_required field_sublabel_below gfield--no-description field_description_below field_validation_below gfield_visibility_visible\"  ><label class='gfield_label gform-field-label' for='input_9_8'>Huoltajan puhelinnumero<span class=\"gfield_required\"><span class=\"gfield_required gfield_required_text\">(Pakollinen)<\/span><\/span><\/label><div class='ginput_container ginput_container_text'><input name='input_8' id='input_9_8' type='text' value='' class='large'     aria-required=\"true\" aria-invalid=\"false\"   \/><\/div><\/div><div id=\"field_9_9\" class=\"gfield gfield--type-email gfield--input-type-email gfield--width-third gfield_contains_required field_sublabel_below gfield--no-description field_description_below field_validation_below gfield_visibility_visible\"  ><label class='gfield_label gform-field-label' for='input_9_9'>Huoltajan s\u00e4hk\u00f6postiosoite<span class=\"gfield_required\"><span class=\"gfield_required gfield_required_text\">(Pakollinen)<\/span><\/span><\/label><div class='ginput_container ginput_container_email'>\n                            <input name='input_9' id='input_9_9' type='email' value='' class='large'    aria-required=\"true\" aria-invalid=\"false\"  \/>\n                        <\/div><\/div><\/div><\/div>\n        <div class='gform-footer gform_footer top_label'> <input type='submit' id='gform_submit_button_9' class='gform_button button' onclick='gform.submission.handleButtonClick(this);' data-submission-type='submit' value='L\u00e4het\u00e4'  \/> \n            <input type='hidden' class='gform_hidden' name='gform_submission_method' data-js='gform_submission_method_9' value='postback' \/>\n            <input type='hidden' class='gform_hidden' name='gform_theme' data-js='gform_theme_9' id='gform_theme_9' value='gravity-theme' \/>\n            <input type='hidden' class='gform_hidden' name='gform_style_settings' data-js='gform_style_settings_9' id='gform_style_settings_9' value='{&quot;inputPrimaryColor&quot;:&quot;#204ce5&quot;}' \/>\n            <input type='hidden' class='gform_hidden' name='is_submit_9' value='1' \/>\n            <input type='hidden' class='gform_hidden' name='gform_submit' value='9' \/>\n            \n            <input type='hidden' class='gform_hidden' name='gform_currency' data-currency='USD' value='Z6voQWFhI0StxOsmPinn4mQVYn\/7GpSCSiKD5zTcOtKJBZ3jS2r+ImS0aZX05n7rFdylBO1+xBgGkGsxO2uWlzrPYLdUxnFO\/BKwVHc9DVl2xF4=' \/>\n            <input type='hidden' class='gform_hidden' name='gform_unique_id' value='' \/>\n            <input type='hidden' class='gform_hidden' name='state_9' value='WyJbXSIsImUyMGQ5NDQ0ZmZjYzZmZDRiN2Y5NWIzYzExMmNlNmVlIl0=' \/>\n            <input type='hidden' autocomplete='off' class='gform_hidden' name='gform_target_page_number_9' id='gform_target_page_number_9' value='0' \/>\n            <input type='hidden' autocomplete='off' class='gform_hidden' name='gform_source_page_number_9' id='gform_source_page_number_9' value='1' \/>\n            <input type='hidden' name='gform_field_values' value='' \/>\n            \n        <\/div>\n                        <\/form>\n                        <\/div><script type=\"text\/javascript\">\n\/* <![CDATA[ *\/\n gform.initializeOnLoaded( function() {gformInitSpinner( 9, 'https:\/\/huimabasketball.fi\/juniorit\/wp-content\/plugins\/gravityforms\/images\/spinner.svg', true );jQuery('#gform_ajax_frame_9').on('load',function(){var contents = jQuery(this).contents().find('*').html();var is_postback = contents.indexOf('GF_AJAX_POSTBACK') >= 0;if(!is_postback){return;}var form_content = jQuery(this).contents().find('#gform_wrapper_9');var is_confirmation = jQuery(this).contents().find('#gform_confirmation_wrapper_9').length > 0;var is_redirect = contents.indexOf('gformRedirect(){') >= 0;var is_form = form_content.length > 0 && ! is_redirect && ! is_confirmation;var mt = parseInt(jQuery('html').css('margin-top'), 10) + parseInt(jQuery('body').css('margin-top'), 10) + 100;if(is_form){jQuery('#gform_wrapper_9').html(form_content.html());if(form_content.hasClass('gform_validation_error')){jQuery('#gform_wrapper_9').addClass('gform_validation_error');} else {jQuery('#gform_wrapper_9').removeClass('gform_validation_error');}setTimeout( function() { \/* delay the scroll by 50 milliseconds to fix a bug in chrome *\/ jQuery(document).scrollTop(jQuery('#gform_wrapper_9').offset().top - mt); }, 50 );if(window['gformInitDatepicker']) {gformInitDatepicker();}if(window['gformInitPriceFields']) {gformInitPriceFields();}var current_page = jQuery('#gform_source_page_number_9').val();gformInitSpinner( 9, 'https:\/\/huimabasketball.fi\/juniorit\/wp-content\/plugins\/gravityforms\/images\/spinner.svg', true );jQuery(document).trigger('gform_page_loaded', [9, current_page]);window['gf_submitting_9'] = false;}else if(!is_redirect){var confirmation_content = jQuery(this).contents().find('.GF_AJAX_POSTBACK').html();if(!confirmation_content){confirmation_content = contents;}jQuery('#gform_wrapper_9').replaceWith(confirmation_content);jQuery(document).scrollTop(jQuery('#gf_9').offset().top - mt);jQuery(document).trigger('gform_confirmation_loaded', [9]);window['gf_submitting_9'] = false;wp.a11y.speak(jQuery('#gform_confirmation_message_9').text());}else{jQuery('#gform_9').append(contents);if(window['gformRedirect']) {gformRedirect();}}jQuery(document).trigger(\"gform_pre_post_render\", [{ formId: \"9\", currentPage: \"current_page\", abort: function() { this.preventDefault(); } }]);        if (event && event.defaultPrevented) {                return;        }        const gformWrapperDiv = document.getElementById( \"gform_wrapper_9\" );        if ( gformWrapperDiv ) {            const visibilitySpan = document.createElement( \"span\" );            visibilitySpan.id = \"gform_visibility_test_9\";            gformWrapperDiv.insertAdjacentElement( \"afterend\", visibilitySpan );        }        const visibilityTestDiv = document.getElementById( \"gform_visibility_test_9\" );        let postRenderFired = false;        function triggerPostRender() {            if ( postRenderFired ) {                return;            }            postRenderFired = true;            gform.core.triggerPostRenderEvents( 9, current_page );            if ( visibilityTestDiv ) {                visibilityTestDiv.parentNode.removeChild( visibilityTestDiv );            }        }        function debounce( func, wait, immediate ) {            var timeout;            return function() {                var context = this, args = arguments;                var later = function() {                    timeout = null;                    if ( !immediate ) func.apply( context, args );                };                var callNow = immediate && !timeout;                clearTimeout( timeout );                timeout = setTimeout( later, wait );                if ( callNow ) func.apply( context, args );            };        }        const debouncedTriggerPostRender = debounce( function() {            triggerPostRender();        }, 200 );        if ( visibilityTestDiv && visibilityTestDiv.offsetParent === null ) {            const observer = new MutationObserver( ( mutations ) => {                mutations.forEach( ( mutation ) => {                    if ( mutation.type === 'attributes' && visibilityTestDiv.offsetParent !== null ) {                        debouncedTriggerPostRender();                        observer.disconnect();                    }                });            });            observer.observe( document.body, {                attributes: true,                childList: false,                subtree: true,                attributeFilter: [ 'style', 'class' ],            });        } else {            triggerPostRender();        }    } );} ); \n\/* ]]> *\/\n<\/script>\n<\/div>","protected":false},"excerpt":{"rendered":"","protected":false},"author":1,"featured_media":0,"parent":0,"menu_order":0,"comment_status":"closed","ping_status":"closed","template":"","meta":{"_acf_changed":false,"_relevanssi_hide_post":"","_relevanssi_hide_content":"","_relevanssi_pin_for_all":"","_relevanssi_pin_keywords":"","_relevanssi_unpin_keywords":"","_relevanssi_related_keywords":"","_relevanssi_related_include_ids":"","_relevanssi_related_exclude_ids":"","_relevanssi_related_no_append":"","_relevanssi_related_not_related":"","_relevanssi_related_posts":"1969,1058,1557,1542,60,1489","_relevanssi_noindex_reason":"","footnotes":""},"class_list":["post-1985","page","type-page","status-publish","hentry"],"acf":[],"yoast_head":"<title>Kes\u00e4leiri 2026 - Huima Basketball Juniorit<\/title>\n<meta name=\"robots\" content=\"index, follow, max-snippet:-1, max-image-preview:large, max-video-preview:-1\" \/>\n<link rel=\"canonical\" href=\"https:\/\/huimabasketball.fi\/juniorit\/kesaleiri-2026\/\" \/>\n<meta property=\"og:locale\" content=\"fi_FI\" \/>\n<meta property=\"og:type\" content=\"article\" \/>\n<meta property=\"og:title\" content=\"Kes\u00e4leiri 2026 - Huima Basketball Juniorit\" \/>\n<meta property=\"og:url\" content=\"https:\/\/huimabasketball.fi\/juniorit\/kesaleiri-2026\/\" \/>\n<meta property=\"og:site_name\" content=\"Huima Basketball Juniorit\" \/>\n<meta property=\"article:publisher\" content=\"https:\/\/www.facebook.com\/Huimabasketballjuniorit\/\" \/>\n<meta property=\"article:modified_time\" content=\"2026-04-21T14:42:55+00:00\" \/>\n<meta property=\"og:image\" content=\"https:\/\/huimabasketball.fi\/juniorit\/wp-content\/uploads\/2023\/08\/huima-logo.png\" \/>\n\t<meta property=\"og:image:width\" content=\"514\" \/>\n\t<meta property=\"og:image:height\" content=\"444\" \/>\n\t<meta property=\"og:image:type\" content=\"image\/png\" \/>\n<meta name=\"twitter:card\" content=\"summary_large_image\" \/>\n<meta name=\"twitter:label1\" content=\"Arvioitu lukuaika\" \/>\n\t<meta name=\"twitter:data1\" content=\"1 minuutti\" \/>\n<script type=\"application\/ld+json\" class=\"yoast-schema-graph\">{\"@context\":\"https:\\\/\\\/schema.org\",\"@graph\":[{\"@type\":\"WebPage\",\"@id\":\"https:\\\/\\\/huimabasketball.fi\\\/juniorit\\\/kesaleiri-2026\\\/\",\"url\":\"https:\\\/\\\/huimabasketball.fi\\\/juniorit\\\/kesaleiri-2026\\\/\",\"name\":\"Kes\u00e4leiri 2026 - Huima Basketball Juniorit\",\"isPartOf\":{\"@id\":\"https:\\\/\\\/huimabasketball.fi\\\/juniorit\\\/#website\"},\"datePublished\":\"2026-04-21T14:42:22+00:00\",\"dateModified\":\"2026-04-21T14:42:55+00:00\",\"breadcrumb\":{\"@id\":\"https:\\\/\\\/huimabasketball.fi\\\/juniorit\\\/kesaleiri-2026\\\/#breadcrumb\"},\"inLanguage\":\"fi\",\"potentialAction\":[{\"@type\":\"ReadAction\",\"target\":[\"https:\\\/\\\/huimabasketball.fi\\\/juniorit\\\/kesaleiri-2026\\\/\"]}]},{\"@type\":\"BreadcrumbList\",\"@id\":\"https:\\\/\\\/huimabasketball.fi\\\/juniorit\\\/kesaleiri-2026\\\/#breadcrumb\",\"itemListElement\":[{\"@type\":\"ListItem\",\"position\":1,\"name\":\"Home\",\"item\":\"https:\\\/\\\/huimabasketball.fi\\\/juniorit\\\/\"},{\"@type\":\"ListItem\",\"position\":2,\"name\":\"Kes\u00e4leiri 2026\"}]},{\"@type\":\"WebSite\",\"@id\":\"https:\\\/\\\/huimabasketball.fi\\\/juniorit\\\/#website\",\"url\":\"https:\\\/\\\/huimabasketball.fi\\\/juniorit\\\/\",\"name\":\"Huima Basketball Juniorit\",\"description\":\"Olisiko aika aloittaa koris? Tervetuloa \u00c4\u00e4nekosken Huiman juniorikoripallon kotisivuille!\",\"publisher\":{\"@id\":\"https:\\\/\\\/huimabasketball.fi\\\/juniorit\\\/#organization\"},\"alternateName\":\"Huima juniorikoripallo\",\"potentialAction\":[{\"@type\":\"SearchAction\",\"target\":{\"@type\":\"EntryPoint\",\"urlTemplate\":\"https:\\\/\\\/huimabasketball.fi\\\/juniorit\\\/?s={search_term_string}\"},\"query-input\":{\"@type\":\"PropertyValueSpecification\",\"valueRequired\":true,\"valueName\":\"search_term_string\"}}],\"inLanguage\":\"fi\"},{\"@type\":\"Organization\",\"@id\":\"https:\\\/\\\/huimabasketball.fi\\\/juniorit\\\/#organization\",\"name\":\"Huima Basketball juniorit\",\"alternateName\":\"Huima juniorikoripallo\",\"url\":\"https:\\\/\\\/huimabasketball.fi\\\/juniorit\\\/\",\"logo\":{\"@type\":\"ImageObject\",\"inLanguage\":\"fi\",\"@id\":\"https:\\\/\\\/huimabasketball.fi\\\/juniorit\\\/#\\\/schema\\\/logo\\\/image\\\/\",\"url\":\"https:\\\/\\\/huimabasketball.fi\\\/juniorit\\\/wp-content\\\/uploads\\\/2023\\\/08\\\/huima-logo.png\",\"contentUrl\":\"https:\\\/\\\/huimabasketball.fi\\\/juniorit\\\/wp-content\\\/uploads\\\/2023\\\/08\\\/huima-logo.png\",\"width\":514,\"height\":444,\"caption\":\"Huima Basketball juniorit\"},\"image\":{\"@id\":\"https:\\\/\\\/huimabasketball.fi\\\/juniorit\\\/#\\\/schema\\\/logo\\\/image\\\/\"},\"sameAs\":[\"https:\\\/\\\/www.facebook.com\\\/Huimabasketballjuniorit\\\/\",\"https:\\\/\\\/www.instagram.com\\\/huimabasketballjuniorit\\\/\"]}]}<\/script>","yoast_head_json":{"title":"Kes\u00e4leiri 2026 - Huima Basketball Juniorit","robots":{"index":"index","follow":"follow","max-snippet":"max-snippet:-1","max-image-preview":"max-image-preview:large","max-video-preview":"max-video-preview:-1"},"canonical":"https:\/\/huimabasketball.fi\/juniorit\/kesaleiri-2026\/","og_locale":"fi_FI","og_type":"article","og_title":"Kes\u00e4leiri 2026 - Huima Basketball Juniorit","og_url":"https:\/\/huimabasketball.fi\/juniorit\/kesaleiri-2026\/","og_site_name":"Huima Basketball Juniorit","article_publisher":"https:\/\/www.facebook.com\/Huimabasketballjuniorit\/","article_modified_time":"2026-04-21T14:42:55+00:00","og_image":[{"width":514,"height":444,"url":"https:\/\/huimabasketball.fi\/juniorit\/wp-content\/uploads\/2023\/08\/huima-logo.png","type":"image\/png"}],"twitter_card":"summary_large_image","twitter_misc":{"Arvioitu lukuaika":"1 minuutti"},"schema":{"@context":"https:\/\/schema.org","@graph":[{"@type":"WebPage","@id":"https:\/\/huimabasketball.fi\/juniorit\/kesaleiri-2026\/","url":"https:\/\/huimabasketball.fi\/juniorit\/kesaleiri-2026\/","name":"Kes\u00e4leiri 2026 - Huima Basketball Juniorit","isPartOf":{"@id":"https:\/\/huimabasketball.fi\/juniorit\/#website"},"datePublished":"2026-04-21T14:42:22+00:00","dateModified":"2026-04-21T14:42:55+00:00","breadcrumb":{"@id":"https:\/\/huimabasketball.fi\/juniorit\/kesaleiri-2026\/#breadcrumb"},"inLanguage":"fi","potentialAction":[{"@type":"ReadAction","target":["https:\/\/huimabasketball.fi\/juniorit\/kesaleiri-2026\/"]}]},{"@type":"BreadcrumbList","@id":"https:\/\/huimabasketball.fi\/juniorit\/kesaleiri-2026\/#breadcrumb","itemListElement":[{"@type":"ListItem","position":1,"name":"Home","item":"https:\/\/huimabasketball.fi\/juniorit\/"},{"@type":"ListItem","position":2,"name":"Kes\u00e4leiri 2026"}]},{"@type":"WebSite","@id":"https:\/\/huimabasketball.fi\/juniorit\/#website","url":"https:\/\/huimabasketball.fi\/juniorit\/","name":"Huima Basketball Juniorit","description":"Olisiko aika aloittaa koris? Tervetuloa \u00c4\u00e4nekosken Huiman juniorikoripallon kotisivuille!","publisher":{"@id":"https:\/\/huimabasketball.fi\/juniorit\/#organization"},"alternateName":"Huima juniorikoripallo","potentialAction":[{"@type":"SearchAction","target":{"@type":"EntryPoint","urlTemplate":"https:\/\/huimabasketball.fi\/juniorit\/?s={search_term_string}"},"query-input":{"@type":"PropertyValueSpecification","valueRequired":true,"valueName":"search_term_string"}}],"inLanguage":"fi"},{"@type":"Organization","@id":"https:\/\/huimabasketball.fi\/juniorit\/#organization","name":"Huima Basketball juniorit","alternateName":"Huima juniorikoripallo","url":"https:\/\/huimabasketball.fi\/juniorit\/","logo":{"@type":"ImageObject","inLanguage":"fi","@id":"https:\/\/huimabasketball.fi\/juniorit\/#\/schema\/logo\/image\/","url":"https:\/\/huimabasketball.fi\/juniorit\/wp-content\/uploads\/2023\/08\/huima-logo.png","contentUrl":"https:\/\/huimabasketball.fi\/juniorit\/wp-content\/uploads\/2023\/08\/huima-logo.png","width":514,"height":444,"caption":"Huima Basketball juniorit"},"image":{"@id":"https:\/\/huimabasketball.fi\/juniorit\/#\/schema\/logo\/image\/"},"sameAs":["https:\/\/www.facebook.com\/Huimabasketballjuniorit\/","https:\/\/www.instagram.com\/huimabasketballjuniorit\/"]}]}},"_links":{"self":[{"href":"https:\/\/huimabasketball.fi\/juniorit\/wp-json\/wp\/v2\/pages\/1985","targetHints":{"allow":["GET"]}}],"collection":[{"href":"https:\/\/huimabasketball.fi\/juniorit\/wp-json\/wp\/v2\/pages"}],"about":[{"href":"https:\/\/huimabasketball.fi\/juniorit\/wp-json\/wp\/v2\/types\/page"}],"author":[{"embeddable":true,"href":"https:\/\/huimabasketball.fi\/juniorit\/wp-json\/wp\/v2\/users\/1"}],"replies":[{"embeddable":true,"href":"https:\/\/huimabasketball.fi\/juniorit\/wp-json\/wp\/v2\/comments?post=1985"}],"version-history":[{"count":5,"href":"https:\/\/huimabasketball.fi\/juniorit\/wp-json\/wp\/v2\/pages\/1985\/revisions"}],"predecessor-version":[{"id":1991,"href":"https:\/\/huimabasketball.fi\/juniorit\/wp-json\/wp\/v2\/pages\/1985\/revisions\/1991"}],"wp:attachment":[{"href":"https:\/\/huimabasketball.fi\/juniorit\/wp-json\/wp\/v2\/media?parent=1985"}],"curies":[{"name":"wp","href":"https:\/\/api.w.org\/{rel}","templated":true}]}}