{"id":1095,"date":"2024-08-14T10:56:33","date_gmt":"2024-08-14T07:56:33","guid":{"rendered":"https:\/\/huimabasketball.fi\/juniorit\/?page_id=1095"},"modified":"2025-02-24T15:50:04","modified_gmt":"2025-02-24T13:50:04","slug":"toimijoiden-materiaalia","status":"publish","type":"page","link":"https:\/\/huimabasketball.fi\/juniorit\/toimijoiden-materiaalia\/","title":{"rendered":"Materiaalipankki"},"content":{"rendered":"\r\n<div id=\"kappale-block_e6c28d55f85430e61be787e92e07838f\" class=\"container mx-auto px-4 sm:px-6 kappale-class flex flex-wrap\">\r\n\t<div class=\"sisaltotxt font-oswald font-light text-[16px] \">\r\n\t\t<p>Mik\u00e4 on laatuk\u00e4sikirja?<\/p>\n<p>Laatuk\u00e4sikirja on sanallinen kuvaus jaostomme keskeisimmist\u00e4 toiminnoista ja toimintaperiaatteista. K\u00e4sikirjan tarkoitus on auttaa lukijaa ymm\u00e4rt\u00e4m\u00e4\u00e4n, miten jaostomme ja joukkueemme osat toimivat. K\u00e4sikirja kuvaa kattavasti, mutta lyhyesti jaoston toimintaa, ohjausta sek\u00e4 kehitt\u00e4mist\u00e4. Sen tavoitteena on turvata toimintamme tarkoituksenmukaisuus sek\u00e4 tavoitteisiin p\u00e4\u00e4seminen.<\/p>\n<p><a href=\"https:\/\/huimabasketball.fi\/juniorit\/wp-content\/uploads\/2024\/03\/jaoston-laatukasikirja.pdf\">Jaoston laatuk\u00e4sikirja<\/a><\/p>\n\t<\/div><\/div>\n\n\r\n<div id=\"kappale-block_c1f1d98a2c1970cac15d85a7f2312f43\" class=\"container mx-auto px-4 sm:px-6 kappale-class flex flex-wrap\">\r\n\t<div class=\"sisaltotxt font-oswald font-light text-[16px] \">\r\n\t\t<p>Jaostolle p\u00e4ivitetty <a href=\"https:\/\/huimabasketball.fi\/juniorit\/wp-content\/uploads\/2024\/08\/yhteistyosopimus.docx\">Yhteisty\u00f6sopimus<\/a> docx -muodossa<\/p>\n\t<\/div><\/div>\n\n\r\n<div id=\"kappale-block_b68c9c28d4fe87db47c375995777cd14\" class=\"container mx-auto px-4 sm:px-6 kappale-class flex flex-wrap\">\r\n\t<div class=\"sisaltotxt font-oswald font-light text-[16px] \">\r\n\t\t<p>Valmennuksen k\u00e4ytt\u00f6\u00f6n harjoitussuunnitelmapohja (PDF):<\/p>\n<p><a href=\"https:\/\/huimabasketball.fi\/juniorit\/wp-content\/uploads\/2025\/02\/harjoitussuunnitelmapohja.pdf\">Harjoitussuunnitelmapohja<\/a><\/p>\n\t<\/div><\/div>","protected":false},"excerpt":{"rendered":"","protected":false},"author":5,"featured_media":0,"parent":0,"menu_order":0,"comment_status":"closed","ping_status":"closed","template":"","meta":{"_acf_changed":false,"_relevanssi_hide_post":"","_relevanssi_hide_content":"","_relevanssi_pin_for_all":"","_relevanssi_pin_keywords":"","_relevanssi_unpin_keywords":"","_relevanssi_related_keywords":"","_relevanssi_related_include_ids":"","_relevanssi_related_exclude_ids":"","_relevanssi_related_no_append":"","_relevanssi_related_not_related":"","_relevanssi_related_posts":"957,60,900,1034,1058","_relevanssi_noindex_reason":"","footnotes":""},"class_list":["post-1095","page","type-page","status-publish","hentry"],"acf":[],"yoast_head":"<title>Materiaalipankki - Huima Basketball Juniorit<\/title>\n<meta name=\"robots\" content=\"index, follow, max-snippet:-1, max-image-preview:large, max-video-preview:-1\" \/>\n<link rel=\"canonical\" href=\"https:\/\/huimabasketball.fi\/juniorit\/toimijoiden-materiaalia\/\" \/>\n<meta property=\"og:locale\" content=\"fi_FI\" \/>\n<meta property=\"og:type\" content=\"article\" \/>\n<meta property=\"og:title\" content=\"Materiaalipankki - Huima Basketball Juniorit\" \/>\n<meta property=\"og:url\" content=\"https:\/\/huimabasketball.fi\/juniorit\/toimijoiden-materiaalia\/\" \/>\n<meta property=\"og:site_name\" content=\"Huima Basketball Juniorit\" \/>\n<meta property=\"article:publisher\" content=\"https:\/\/www.facebook.com\/Huimabasketballjuniorit\/\" \/>\n<meta property=\"article:modified_time\" content=\"2025-02-24T13:50:04+00:00\" \/>\n<meta property=\"og:image\" content=\"https:\/\/huimabasketball.fi\/juniorit\/wp-content\/uploads\/2023\/08\/huima-logo.png\" \/>\n\t<meta property=\"og:image:width\" content=\"514\" \/>\n\t<meta property=\"og:image:height\" content=\"444\" \/>\n\t<meta property=\"og:image:type\" content=\"image\/png\" \/>\n<meta name=\"twitter:card\" content=\"summary_large_image\" \/>\n<meta name=\"twitter:label1\" content=\"Arvioitu lukuaika\" \/>\n\t<meta name=\"twitter:data1\" content=\"1 minuutti\" \/>\n<script type=\"application\/ld+json\" class=\"yoast-schema-graph\">{\"@context\":\"https:\\\/\\\/schema.org\",\"@graph\":[{\"@type\":\"WebPage\",\"@id\":\"https:\\\/\\\/huimabasketball.fi\\\/juniorit\\\/toimijoiden-materiaalia\\\/\",\"url\":\"https:\\\/\\\/huimabasketball.fi\\\/juniorit\\\/toimijoiden-materiaalia\\\/\",\"name\":\"Materiaalipankki - Huima Basketball Juniorit\",\"isPartOf\":{\"@id\":\"https:\\\/\\\/huimabasketball.fi\\\/juniorit\\\/#website\"},\"datePublished\":\"2024-08-14T07:56:33+00:00\",\"dateModified\":\"2025-02-24T13:50:04+00:00\",\"breadcrumb\":{\"@id\":\"https:\\\/\\\/huimabasketball.fi\\\/juniorit\\\/toimijoiden-materiaalia\\\/#breadcrumb\"},\"inLanguage\":\"fi\",\"potentialAction\":[{\"@type\":\"ReadAction\",\"target\":[\"https:\\\/\\\/huimabasketball.fi\\\/juniorit\\\/toimijoiden-materiaalia\\\/\"]}]},{\"@type\":\"BreadcrumbList\",\"@id\":\"https:\\\/\\\/huimabasketball.fi\\\/juniorit\\\/toimijoiden-materiaalia\\\/#breadcrumb\",\"itemListElement\":[{\"@type\":\"ListItem\",\"position\":1,\"name\":\"Home\",\"item\":\"https:\\\/\\\/huimabasketball.fi\\\/juniorit\\\/\"},{\"@type\":\"ListItem\",\"position\":2,\"name\":\"Materiaalipankki\"}]},{\"@type\":\"WebSite\",\"@id\":\"https:\\\/\\\/huimabasketball.fi\\\/juniorit\\\/#website\",\"url\":\"https:\\\/\\\/huimabasketball.fi\\\/juniorit\\\/\",\"name\":\"Huima Basketball Juniorit\",\"description\":\"Olisiko aika aloittaa koris? Tervetuloa \u00c4\u00e4nekosken Huiman juniorikoripallon kotisivuille!\",\"publisher\":{\"@id\":\"https:\\\/\\\/huimabasketball.fi\\\/juniorit\\\/#organization\"},\"alternateName\":\"Huima juniorikoripallo\",\"potentialAction\":[{\"@type\":\"SearchAction\",\"target\":{\"@type\":\"EntryPoint\",\"urlTemplate\":\"https:\\\/\\\/huimabasketball.fi\\\/juniorit\\\/?s={search_term_string}\"},\"query-input\":{\"@type\":\"PropertyValueSpecification\",\"valueRequired\":true,\"valueName\":\"search_term_string\"}}],\"inLanguage\":\"fi\"},{\"@type\":\"Organization\",\"@id\":\"https:\\\/\\\/huimabasketball.fi\\\/juniorit\\\/#organization\",\"name\":\"Huima Basketball juniorit\",\"alternateName\":\"Huima juniorikoripallo\",\"url\":\"https:\\\/\\\/huimabasketball.fi\\\/juniorit\\\/\",\"logo\":{\"@type\":\"ImageObject\",\"inLanguage\":\"fi\",\"@id\":\"https:\\\/\\\/huimabasketball.fi\\\/juniorit\\\/#\\\/schema\\\/logo\\\/image\\\/\",\"url\":\"https:\\\/\\\/huimabasketball.fi\\\/juniorit\\\/wp-content\\\/uploads\\\/2023\\\/08\\\/huima-logo.png\",\"contentUrl\":\"https:\\\/\\\/huimabasketball.fi\\\/juniorit\\\/wp-content\\\/uploads\\\/2023\\\/08\\\/huima-logo.png\",\"width\":514,\"height\":444,\"caption\":\"Huima Basketball juniorit\"},\"image\":{\"@id\":\"https:\\\/\\\/huimabasketball.fi\\\/juniorit\\\/#\\\/schema\\\/logo\\\/image\\\/\"},\"sameAs\":[\"https:\\\/\\\/www.facebook.com\\\/Huimabasketballjuniorit\\\/\",\"https:\\\/\\\/www.instagram.com\\\/huimabasketballjuniorit\\\/\"]}]}<\/script>","yoast_head_json":{"title":"Materiaalipankki - Huima Basketball Juniorit","robots":{"index":"index","follow":"follow","max-snippet":"max-snippet:-1","max-image-preview":"max-image-preview:large","max-video-preview":"max-video-preview:-1"},"canonical":"https:\/\/huimabasketball.fi\/juniorit\/toimijoiden-materiaalia\/","og_locale":"fi_FI","og_type":"article","og_title":"Materiaalipankki - Huima Basketball Juniorit","og_url":"https:\/\/huimabasketball.fi\/juniorit\/toimijoiden-materiaalia\/","og_site_name":"Huima Basketball Juniorit","article_publisher":"https:\/\/www.facebook.com\/Huimabasketballjuniorit\/","article_modified_time":"2025-02-24T13:50:04+00:00","og_image":[{"width":514,"height":444,"url":"https:\/\/huimabasketball.fi\/juniorit\/wp-content\/uploads\/2023\/08\/huima-logo.png","type":"image\/png"}],"twitter_card":"summary_large_image","twitter_misc":{"Arvioitu lukuaika":"1 minuutti"},"schema":{"@context":"https:\/\/schema.org","@graph":[{"@type":"WebPage","@id":"https:\/\/huimabasketball.fi\/juniorit\/toimijoiden-materiaalia\/","url":"https:\/\/huimabasketball.fi\/juniorit\/toimijoiden-materiaalia\/","name":"Materiaalipankki - Huima Basketball Juniorit","isPartOf":{"@id":"https:\/\/huimabasketball.fi\/juniorit\/#website"},"datePublished":"2024-08-14T07:56:33+00:00","dateModified":"2025-02-24T13:50:04+00:00","breadcrumb":{"@id":"https:\/\/huimabasketball.fi\/juniorit\/toimijoiden-materiaalia\/#breadcrumb"},"inLanguage":"fi","potentialAction":[{"@type":"ReadAction","target":["https:\/\/huimabasketball.fi\/juniorit\/toimijoiden-materiaalia\/"]}]},{"@type":"BreadcrumbList","@id":"https:\/\/huimabasketball.fi\/juniorit\/toimijoiden-materiaalia\/#breadcrumb","itemListElement":[{"@type":"ListItem","position":1,"name":"Home","item":"https:\/\/huimabasketball.fi\/juniorit\/"},{"@type":"ListItem","position":2,"name":"Materiaalipankki"}]},{"@type":"WebSite","@id":"https:\/\/huimabasketball.fi\/juniorit\/#website","url":"https:\/\/huimabasketball.fi\/juniorit\/","name":"Huima Basketball Juniorit","description":"Olisiko aika aloittaa koris? Tervetuloa \u00c4\u00e4nekosken Huiman juniorikoripallon kotisivuille!","publisher":{"@id":"https:\/\/huimabasketball.fi\/juniorit\/#organization"},"alternateName":"Huima juniorikoripallo","potentialAction":[{"@type":"SearchAction","target":{"@type":"EntryPoint","urlTemplate":"https:\/\/huimabasketball.fi\/juniorit\/?s={search_term_string}"},"query-input":{"@type":"PropertyValueSpecification","valueRequired":true,"valueName":"search_term_string"}}],"inLanguage":"fi"},{"@type":"Organization","@id":"https:\/\/huimabasketball.fi\/juniorit\/#organization","name":"Huima Basketball juniorit","alternateName":"Huima juniorikoripallo","url":"https:\/\/huimabasketball.fi\/juniorit\/","logo":{"@type":"ImageObject","inLanguage":"fi","@id":"https:\/\/huimabasketball.fi\/juniorit\/#\/schema\/logo\/image\/","url":"https:\/\/huimabasketball.fi\/juniorit\/wp-content\/uploads\/2023\/08\/huima-logo.png","contentUrl":"https:\/\/huimabasketball.fi\/juniorit\/wp-content\/uploads\/2023\/08\/huima-logo.png","width":514,"height":444,"caption":"Huima Basketball juniorit"},"image":{"@id":"https:\/\/huimabasketball.fi\/juniorit\/#\/schema\/logo\/image\/"},"sameAs":["https:\/\/www.facebook.com\/Huimabasketballjuniorit\/","https:\/\/www.instagram.com\/huimabasketballjuniorit\/"]}]}},"_links":{"self":[{"href":"https:\/\/huimabasketball.fi\/juniorit\/wp-json\/wp\/v2\/pages\/1095","targetHints":{"allow":["GET"]}}],"collection":[{"href":"https:\/\/huimabasketball.fi\/juniorit\/wp-json\/wp\/v2\/pages"}],"about":[{"href":"https:\/\/huimabasketball.fi\/juniorit\/wp-json\/wp\/v2\/types\/page"}],"author":[{"embeddable":true,"href":"https:\/\/huimabasketball.fi\/juniorit\/wp-json\/wp\/v2\/users\/5"}],"replies":[{"embeddable":true,"href":"https:\/\/huimabasketball.fi\/juniorit\/wp-json\/wp\/v2\/comments?post=1095"}],"version-history":[{"count":5,"href":"https:\/\/huimabasketball.fi\/juniorit\/wp-json\/wp\/v2\/pages\/1095\/revisions"}],"predecessor-version":[{"id":1508,"href":"https:\/\/huimabasketball.fi\/juniorit\/wp-json\/wp\/v2\/pages\/1095\/revisions\/1508"}],"wp:attachment":[{"href":"https:\/\/huimabasketball.fi\/juniorit\/wp-json\/wp\/v2\/media?parent=1095"}],"curies":[{"name":"wp","href":"https:\/\/api.w.org\/{rel}","templated":true}]}}